{"id":228,"date":"2022-07-26T06:53:12","date_gmt":"2022-07-26T06:53:12","guid":{"rendered":"http:\/\/winetastingbled.com\/?page_id=228"},"modified":"2022-08-08T13:18:15","modified_gmt":"2022-08-08T13:18:15","slug":"cookie-richtlinie","status":"publish","type":"page","link":"https:\/\/winetastingbled.com\/de\/cookie-richtlinie\/","title":{"rendered":"Cookie-Politik"},"content":{"rendered":"<h3 class=\"wp-block-heading\">\u00dcBER DIESE COOKIE-RICHTLINIE.<\/h3>\n\n\n\n<p>Diese Cookie-Richtlinie erkl\u00e4rt, was Cookies sind und wie wir sie verwenden. Sie sollten diese Richtlinie lesen, um zu verstehen, was Cookies sind, wie wir sie verwenden, welche Arten von Cookies wir verwenden, d. h. welche Informationen wir mithilfe von Cookies sammeln und wie diese Informationen verwendet werden, und wie Sie die Cookie-Einstellungen steuern k\u00f6nnen. Weitere Informationen dar\u00fcber, wie wir Ihre pers\u00f6nlichen Daten verwenden, speichern und sicher aufbewahren, finden Sie in unserer Datenschutzrichtlinie.<\/p>\n\n\n\n<p>Sie k\u00f6nnen Ihre Einwilligung in der Cookie-Erkl\u00e4rung auf unserer Website jederzeit \u00e4ndern oder widerrufen.<\/p>\n\n\n\n<p>In unseren Datenschutzbestimmungen erfahren Sie mehr dar\u00fcber, wer wir sind, wie Sie uns kontaktieren k\u00f6nnen und wie wir personenbezogene Daten verarbeiten.<\/p>\n\n\n\n<p>Ihre Zustimmung gilt f\u00fcr die folgenden Bereiche:&nbsp;<a href=\"https:\/\/winetastingbled.com\/de\/\">winetastingbled.com<\/a><\/p>\n\n\n\n<p>Ihr aktueller Status: Zustimmung akzeptiert. Alle Cookies zulassen (Notwendig, Werbung, Analytik, Leistung, Unkategorisiert, Funktional).&nbsp;<a>Verwalten Sie Ihre Zustimmung.<\/a><\/p>\n\n\n\n<h3 class=\"wp-block-heading\">WAS SIND COOKIES?<\/h3>\n\n\n\n<p>Cookies sind kleine Textdateien, die dazu dienen, kleine Informationen zu speichern. Die Cookies werden auf Ihrem Ger\u00e4t gespeichert, wenn die Website \u00fcber Ihren Browser geladen wird. Diese Cookies helfen uns, die Website ordnungsgem\u00e4\u00df funktionieren zu lassen, die Website sicherer zu machen, eine bessere Benutzererfahrung zu bieten und zu verstehen, wie die Website funktioniert, und zu analysieren, was funktioniert und wo sie verbessert werden muss.<\/p>\n\n\n\n<h3 class=\"wp-block-heading\">WIE VERWENDEN WIR COOKIES?<\/h3>\n\n\n\n<p>Wie die meisten Online-Dienste verwendet unsere Website Cookies von Erstanbietern und Drittanbietern f\u00fcr eine Reihe von Zwecken. Die Cookies von Erstanbietern sind meist notwendig, damit die Website richtig funktioniert, und sie erfassen keine personenbezogenen Daten von Ihnen.<\/p>\n\n\n\n<p>Die Cookies von Drittanbietern, die auf unseren Websites verwendet werden, dienen haupts\u00e4chlich dazu, zu verstehen, wie die Website funktioniert, wie Sie mit unserer Website interagieren, unsere Dienste sicher zu halten, f\u00fcr Sie relevante Werbung bereitzustellen und Ihnen insgesamt ein besseres und verbessertes Benutzererlebnis zu bieten und Ihre zuk\u00fcnftigen Interaktionen mit unserer Website zu beschleunigen.<\/p>\n\n\n\n<h3 class=\"wp-block-heading\">WELCHE ARTEN VON COOKIES VERWENDEN WIR?<\/h3>\n\n\n\n<p>Die auf unserer Website verwendeten Cookies werden in die folgenden Kategorien eingeteilt.<\/p>\n\n\n\n<h5 class=\"wp-block-heading\">N\u00d6TIG<\/h5>\n\n\n\n<p>Dies ist eine notwendige Kategorie.<\/p>\n\n\n\n<h5 class=\"wp-block-heading\">ANZEIGE<\/h5>\n\n\n\n<h5 class=\"wp-block-heading\">ANALYTIK<\/h5>\n\n\n\n<h5 class=\"wp-block-heading\">PERFORMANCE<\/h5>\n\n\n\n<h5 class=\"wp-block-heading\">UNGESCH\u00dcTZT<\/h5>\n\n\n\n<h5 class=\"wp-block-heading\">FUNKTIONSWEISE<\/h5>\n\n\n\n<p>In der folgenden Liste sind die auf unserer Website verwendeten Cookies aufgef\u00fchrt.<\/p>\n\n\n\n<figure class=\"wp-block-table\"><table><thead><tr><th scope=\"col\">COOKIE<\/th><th scope=\"col\">BESCHREIBUNG<\/th><\/tr><\/thead><tbody><tr><th>Erforderlich<\/th><\/tr><tr><td>viewed_cookie_policy<\/td><td>Das Cookie wird vom GDPR Cookie Consent Plugin gesetzt und wird verwendet, um zu speichern, ob der Nutzer der Verwendung von Cookies zugestimmt hat oder nicht. Es speichert keine pers\u00f6nlichen Daten.<\/td><\/tr><tr><td>PHPSESSID<\/td><td>Dieses Cookie ist in PHP-Anwendungen enthalten. Der Cookie wird verwendet, um die eindeutige Sitzungs-ID eines Benutzers zu speichern und zu identifizieren, um die Benutzersitzung auf der Website zu verwalten. Das Cookie ist ein Sitzungscookie und wird gel\u00f6scht, wenn alle Browserfenster geschlossen werden.<\/td><\/tr><tr><td>__cfduid<\/td><td>Das Cookie wird von CloudFare gesetzt. Das Cookie wird verwendet, um einzelne Clients hinter einer gemeinsamen IP-Adresse zu identifizieren und Sicherheitseinstellungen auf einer Client-Basis anzuwenden. Es entspricht keiner Benutzer-ID in der Webanwendung und speichert keine pers\u00f6nlich identifizierbaren Informationen.<\/td><\/tr><tr><th>Anzeige<\/th><\/tr><tr><td>Ort<\/td><td>Dieses Cookie wird von Addthis gesetzt. Es handelt sich dabei um ein Geolocation-Cookie, um zu verstehen, wo sich die Nutzer, die die Informationen teilen, befinden.<\/td><\/tr><tr><td>di2<\/td><td>Dieses Cookie wird von addthis.com auf Websites gesetzt, die das Teilen auf sozialen Medien erm\u00f6glichen. Das Cookie wird verwendet, um das Nutzerverhalten anonym zu verfolgen und Nutzungstrends zu generieren, um die Relevanz ihrer Dienste und Werbung zu verbessern.<\/td><\/tr><tr><td>uid<\/td><td>Dieses Cookie wird verwendet, um die Anzahl und das Verhalten der Besucher der Website anonym zu messen. Die Daten umfassen die Anzahl der Besuche, die durchschnittliche Dauer des Besuchs auf der Website, die besuchten Seiten usw., um die Pr\u00e4ferenzen der Nutzer f\u00fcr gezielte Werbung besser zu verstehen.<\/td><\/tr><tr><td>fr<\/td><td>Das Cookie wird von Facebook gesetzt, um den Nutzern relevante Werbung zu zeigen und die Werbung zu messen und zu verbessern. Das Cookie verfolgt auch das Verhalten des Nutzers im gesamten Web auf Websites, die \u00fcber das Facebook-Pixel oder das Facebook Social Plugin verf\u00fcgen.<\/td><\/tr><tr><td>_fbp<\/td><td>Dieses Cookie wird von Facebook gesetzt, um nach dem Besuch dieser Website auf Facebook oder einer digitalen Plattform, die von Facebook-Werbung unterst\u00fctzt wird, Werbung zu schalten.<\/td><\/tr><tr><td>IDE<\/td><td>Wird von Google DoubleClick verwendet und speichert Informationen dar\u00fcber, wie der Nutzer die Website und andere Werbung vor dem Besuch der Website nutzt. Dies wird verwendet, um Nutzern Anzeigen zu pr\u00e4sentieren, die f\u00fcr sie entsprechend dem Nutzerprofil relevant sind.<\/td><\/tr><tr><td>BESUCHER_INFO1_LIVE<\/td><td>Dieses Cookie wird von Youtube gesetzt. Wird verwendet, um die Informationen der eingebetteten Youtube-Videos auf einer Website zu verfolgen.<\/td><\/tr><tr><td>NID<\/td><td>Dieses Cookie wird verwendet, um ein Profil auf der Grundlage der Interessen des Benutzers zu erstellen und dem Benutzer personalisierte Werbung anzuzeigen.<\/td><\/tr><tr><th>Analytik<\/th><\/tr><tr><td>uvc<\/td><td>Das Cookie wird von addthis.com gesetzt, um die Nutzung des Addthis.com-Dienstes zu ermitteln.<\/td><\/tr><tr><td>GPS<\/td><td>Dieses Cookie wird von Youtube gesetzt und registriert eine eindeutige ID f\u00fcr die Verfolgung von Nutzern auf der Grundlage ihres geografischen Standorts.<\/td><\/tr><tr><td>_gid<\/td><td>Dieses Cookie wird von Google Analytics installiert. Der Cookie wird verwendet, um Informationen dar\u00fcber zu speichern, wie Besucher eine Website nutzen, und hilft bei der Erstellung eines Analyseberichts \u00fcber die Leistung der Website. Zu den gesammelten Daten geh\u00f6ren die Anzahl der Besucher, die Quelle, aus der sie kommen, und die besuchten Seiten in anonymer Form.<\/td><\/tr><tr><td>_ga<\/td><td>Dieses Cookie wird von Google Analytics installiert. Das Cookie wird verwendet, um Besucher-, Sitzungs- und Camapign-Daten zu berechnen und die Nutzung der Website f\u00fcr den Analysebericht der Website zu verfolgen. Die Cookies speichern Informationen anonym und weisen eine zuf\u00e4llig generierte Nummer zu, um eindeutige Besucher zu identifizieren.<\/td><\/tr><tr><th>Leistung<\/th><\/tr><tr><td>YSC<\/td><td>Dieses Cookie wird von Youtube gesetzt und dient dazu, die Aufrufe von eingebetteten Videos zu verfolgen.<\/td><\/tr><tr><th>Uncategorized<\/th><\/tr><tr><td>vc<\/td><td>Test<\/td><\/tr><tr><td>um<\/td><td>Eingestellt von addthis.com.(Zweck nicht bekannt)<\/td><\/tr><tr><th>Funktionell<\/th><\/tr><tr><td>__atuvs<\/td><td>Dieses Cookie wird von Addthis gesetzt, um sicherzustellen, dass Sie die aktualisierte Anzahl sehen, wenn Sie eine Seite freigeben und zu ihr zur\u00fcckkehren, bevor unser Cache f\u00fcr die Anzahl der Freigaben aktualisiert wurde.<\/td><\/tr><tr><td>__atuvc<\/td><td>Dieses Cookie wird von Addthis gesetzt, um sicherzustellen, dass Sie die aktualisierte Anzahl sehen, wenn Sie eine Seite freigeben und zu ihr zur\u00fcckkehren, bevor unser Cache f\u00fcr die Anzahl der Freigaben aktualisiert wurde.<\/td><\/tr><tr><td>ouid<\/td><td>Das Cookie wird von Addthis gesetzt, das es erm\u00f6glicht, den Inhalt der Website \u00fcber verschiedene Netzwerke und soziale Netzwerke zu teilen.<\/td><\/tr><tr><td>na_id<\/td><td>Dieses Cookie wird von Addthis.com gesetzt, um das Teilen von Links auf Social Media Plattformen wie Facebook und Twitter zu erm\u00f6glichen.<\/td><\/tr><\/tbody><\/table><\/figure>\n\n\n\n<h3 class=\"wp-block-heading\">WIE KANN ICH DIE COOKIE-EINSTELLUNGEN KONTROLLIEREN?<\/h3>\n\n\n\n<p>Sie k\u00f6nnen Ihre Cookie-Pr\u00e4ferenzen verwalten, indem Sie auf die Schaltfl\u00e4che \"Einstellungen\" klicken und die Cookie-Kategorien auf dem Popup-Fenster entsprechend Ihren Pr\u00e4ferenzen aktivieren oder deaktivieren.<\/p>\n\n\n\n<p>Sollten Sie Ihre Einstellungen sp\u00e4ter \u00e4ndern wollen, k\u00f6nnen Sie auf Ihrem Bildschirm auf die Registerkarte \"Datenschutz und Cookie-Richtlinie\" klicken. Dadurch wird der Hinweis auf die Einwilligung erneut angezeigt, so dass Sie Ihre Einstellungen \u00e4ndern oder Ihre Einwilligung vollst\u00e4ndig widerrufen k\u00f6nnen.<\/p>\n\n\n\n<p>Dar\u00fcber hinaus bieten die verschiedenen Browser unterschiedliche Methoden zum Blockieren und L\u00f6schen von Cookies, die von Websites verwendet werden. Sie k\u00f6nnen die Einstellungen Ihres Browsers \u00e4ndern, um die Cookies zu blockieren\/l\u00f6schen.<\/p>","protected":false},"excerpt":{"rendered":"<p>\u00dcBER DIESE COOKIE-RICHTLINIE. Diese Cookie-Richtlinie erkl\u00e4rt, was Cookies sind und wie wir sie verwenden. Sie sollten diese Richtlinie lesen, um zu verstehen, was Cookies sind, wie wir sie verwenden, welche Arten von Cookies wir verwenden, d.h. welche Informationen wir mit Hilfe von Cookies sammeln und wie diese Informationen verwendet werden, und wie Sie die Cookie-Nutzung kontrollieren k\u00f6nnen... <a href=\"https:\/\/winetastingbled.com\/de\/cookie-richtlinie\/\">Fortsetzung<\/a><\/p>","protected":false},"author":46,"featured_media":0,"parent":0,"menu_order":0,"comment_status":"closed","ping_status":"closed","template":"","meta":{"_acf_changed":false,"footnotes":""},"class_list":["post-228","page","type-page","status-publish","hentry"],"acf":{"page_subheading":"Understand what cookies are and how do we use them to make your experience on this website more pleasant."},"_links":{"self":[{"href":"https:\/\/winetastingbled.com\/de\/wp-json\/wp\/v2\/pages\/228","targetHints":{"allow":["GET"]}}],"collection":[{"href":"https:\/\/winetastingbled.com\/de\/wp-json\/wp\/v2\/pages"}],"about":[{"href":"https:\/\/winetastingbled.com\/de\/wp-json\/wp\/v2\/types\/page"}],"author":[{"embeddable":true,"href":"https:\/\/winetastingbled.com\/de\/wp-json\/wp\/v2\/users\/46"}],"replies":[{"embeddable":true,"href":"https:\/\/winetastingbled.com\/de\/wp-json\/wp\/v2\/comments?post=228"}],"version-history":[{"count":2,"href":"https:\/\/winetastingbled.com\/de\/wp-json\/wp\/v2\/pages\/228\/revisions"}],"predecessor-version":[{"id":293,"href":"https:\/\/winetastingbled.com\/de\/wp-json\/wp\/v2\/pages\/228\/revisions\/293"}],"wp:attachment":[{"href":"https:\/\/winetastingbled.com\/de\/wp-json\/wp\/v2\/media?parent=228"}],"curies":[{"name":"wp","href":"https:\/\/api.w.org\/{rel}","templated":true}]}}