{"id":63,"date":"2022-07-25T13:45:51","date_gmt":"2022-07-25T13:45:51","guid":{"rendered":"http:\/\/winetastingbled.com\/?page_id=63"},"modified":"2024-01-10T14:26:34","modified_gmt":"2024-01-10T14:26:34","slug":"geschenkgutschein","status":"publish","type":"page","link":"https:\/\/winetastingbled.com\/de\/geschenkgutschein\/","title":{"rendered":"Geschenkgutschein"},"content":{"rendered":"<p>\u00dcberraschen Sie jemanden, der gerne Wein trinkt, mit dem Geschenk einer Weinverkostung.<\/p>\n\n\n\n<p>Der Gutschein ist 6 Monate lang g\u00fcltig und der Empf\u00e4nger kann ihn zu einem beliebigen Zeitpunkt einl\u00f6sen.<\/p>\n\n\n\n<p><strong>Preis: 55\u20ac \/ PERSON*<\/strong><\/p>\n\n\n\n<p><strong>F\u00fcllen Sie das Formular aus oder rufen Sie uns an unter 00 386 41 90 50 70. Sie k\u00f6nnen Ihren Gutschein sofort nach Ihrem Kauf erhalten.<\/strong><\/p>\n\n\n\n<p>Wir senden Ihnen einen Geschenkgutschein per E-Mail zu, den Sie selbst ausdrucken k\u00f6nnen, oder Sie k\u00f6nnen ihn pers\u00f6nlich in unserem B\u00fcro im Stadtzentrum von Ljubljana abholen.<\/p>","protected":false},"excerpt":{"rendered":"<p>\u00dcberraschen Sie jemanden, der gerne Wein trinkt, mit einem Gutschein f\u00fcr eine Weinverkostung in Bled. Der Gutschein ist 6 Monate lang g\u00fcltig und der Beschenkte kann ihn zu einem beliebigen Termin einl\u00f6sen. Preis: 55\u20ac \/ PERSON* F\u00fcllen Sie das Formular aus oder rufen Sie uns an unter 00 386 41 90 50 70. Sie k\u00f6nnen Ihren Gutschein erhalten ... <a href=\"https:\/\/winetastingbled.com\/de\/geschenkgutschein\/\">Fortsetzung<\/a><\/p>","protected":false},"author":46,"featured_media":0,"parent":0,"menu_order":0,"comment_status":"closed","ping_status":"closed","template":"","meta":{"_acf_changed":false,"footnotes":""},"class_list":["post-63","page","type-page","status-publish","hentry"],"acf":{"page_subheading":"A perfect gift for all the wine lovers you know \u2014 This wine tasting experience in Bled will remain one of their most special memories."},"_links":{"self":[{"href":"https:\/\/winetastingbled.com\/de\/wp-json\/wp\/v2\/pages\/63","targetHints":{"allow":["GET"]}}],"collection":[{"href":"https:\/\/winetastingbled.com\/de\/wp-json\/wp\/v2\/pages"}],"about":[{"href":"https:\/\/winetastingbled.com\/de\/wp-json\/wp\/v2\/types\/page"}],"author":[{"embeddable":true,"href":"https:\/\/winetastingbled.com\/de\/wp-json\/wp\/v2\/users\/46"}],"replies":[{"embeddable":true,"href":"https:\/\/winetastingbled.com\/de\/wp-json\/wp\/v2\/comments?post=63"}],"version-history":[{"count":17,"href":"https:\/\/winetastingbled.com\/de\/wp-json\/wp\/v2\/pages\/63\/revisions"}],"predecessor-version":[{"id":718,"href":"https:\/\/winetastingbled.com\/de\/wp-json\/wp\/v2\/pages\/63\/revisions\/718"}],"wp:attachment":[{"href":"https:\/\/winetastingbled.com\/de\/wp-json\/wp\/v2\/media?parent=63"}],"curies":[{"name":"wp","href":"https:\/\/api.w.org\/{rel}","templated":true}]}}