{"id":228,"date":"2022-07-26T06:53:12","date_gmt":"2022-07-26T06:53:12","guid":{"rendered":"http:\/\/winetastingbled.com\/?page_id=228"},"modified":"2022-08-08T13:18:15","modified_gmt":"2022-08-08T13:18:15","slug":"politique-en-matiere-de-cookies","status":"publish","type":"page","link":"https:\/\/winetastingbled.com\/fr\/politique-en-matiere-de-cookies\/","title":{"rendered":"Politique en mati\u00e8re de cookies"},"content":{"rendered":"<h3 class=\"wp-block-heading\">SUR CETTE POLITIQUE EN MATI\u00c8RE DE COOKIES.<\/h3>\n\n\n\n<p>La pr\u00e9sente politique en mati\u00e8re de cookies explique ce que sont les cookies et comment nous les utilisons. Vous devriez lire cette politique pour comprendre ce que sont les cookies, comment nous les utilisons, les types de cookies que nous utilisons, c'est-\u00e0-dire les informations que nous collectons \u00e0 l'aide des cookies et comment ces informations sont utilis\u00e9es, et comment contr\u00f4ler les pr\u00e9f\u00e9rences des cookies. Pour plus d'informations sur la mani\u00e8re dont nous utilisons, stockons et s\u00e9curisons vos donn\u00e9es personnelles, consultez notre politique de confidentialit\u00e9.<\/p>\n\n\n\n<p>Vous pouvez \u00e0 tout moment modifier ou retirer votre consentement \u00e0 la d\u00e9claration sur les cookies sur notre site web.<\/p>\n\n\n\n<p>Pour en savoir plus sur qui nous sommes, comment vous pouvez nous contacter et comment nous traitons les donn\u00e9es personnelles, consultez notre politique de confidentialit\u00e9.<\/p>\n\n\n\n<p>Votre consentement s'applique aux domaines suivants :&nbsp;<a href=\"https:\/\/winetastingbled.com\/fr\/\">winetastingbled.com<\/a><\/p>\n\n\n\n<p>Votre \u00e9tat actuel : Consentement accept\u00e9. Autoriser tous les cookies (N\u00e9cessaire, Publicit\u00e9, Analytique, Performance, Non cat\u00e9goris\u00e9, Fonctionnel).&nbsp;<a>G\u00e9rez votre consentement.<\/a><\/p>\n\n\n\n<h3 class=\"wp-block-heading\">QUE SONT LES COOKIES ?<\/h3>\n\n\n\n<p>Les cookies sont de petits fichiers texte qui sont utilis\u00e9s pour stocker de petits \u00e9l\u00e9ments d'information. Les cookies sont stock\u00e9s sur votre appareil lorsque le site web est charg\u00e9 sur votre navigateur. Ces cookies nous aident \u00e0 faire fonctionner le site web correctement, \u00e0 le rendre plus s\u00fbr, \u00e0 fournir une meilleure exp\u00e9rience utilisateur, et \u00e0 comprendre comment le site web fonctionne, et \u00e0 analyser ce qui fonctionne et ce qui doit \u00eatre am\u00e9lior\u00e9.<\/p>\n\n\n\n<h3 class=\"wp-block-heading\">COMMENT UTILISONS-NOUS LES COOKIES ?<\/h3>\n\n\n\n<p>Comme la plupart des services en ligne, notre site web utilise des cookies de premi\u00e8re partie et des cookies de tierce partie pour un certain nombre de raisons. Les cookies de premi\u00e8re partie sont principalement n\u00e9cessaires au bon fonctionnement du site web et ne collectent aucune de vos donn\u00e9es personnelles identifiables.<\/p>\n\n\n\n<p>Les cookies tiers utilis\u00e9s sur nos sites web servent principalement \u00e0 comprendre comment le site web fonctionne, comment vous interagissez avec notre site web, \u00e0 assurer la s\u00e9curit\u00e9 de nos services, \u00e0 fournir des publicit\u00e9s pertinentes pour vous et, dans l'ensemble, \u00e0 vous offrir une exp\u00e9rience utilisateur meilleure et am\u00e9lior\u00e9e et \u00e0 acc\u00e9l\u00e9rer vos interactions futures avec notre site web.<\/p>\n\n\n\n<h3 class=\"wp-block-heading\">QUELS TYPES DE COOKIES UTILISONS-NOUS ?<\/h3>\n\n\n\n<p>Les cookies utilis\u00e9s sur notre site web sont regroup\u00e9s dans les cat\u00e9gories suivantes.<\/p>\n\n\n\n<h5 class=\"wp-block-heading\">NECESSAIRE<\/h5>\n\n\n\n<p>Il s'agit d'une cat\u00e9gorie n\u00e9cessaire.<\/p>\n\n\n\n<h5 class=\"wp-block-heading\">PUBLICIT\u00c9<\/h5>\n\n\n\n<h5 class=\"wp-block-heading\">ANALYTIQUE<\/h5>\n\n\n\n<h5 class=\"wp-block-heading\">PERFORMANCE<\/h5>\n\n\n\n<h5 class=\"wp-block-heading\">UNCATEGORIZED<\/h5>\n\n\n\n<h5 class=\"wp-block-heading\">FONCTIONNEL<\/h5>\n\n\n\n<p>La liste ci-dessous d\u00e9taille les cookies utilis\u00e9s sur notre site web.<\/p>\n\n\n\n<figure class=\"wp-block-table\"><table><thead><tr><th scope=\"col\">COOKIE<\/th><th scope=\"col\">DESCRIPTION<\/th><\/tr><\/thead><tbody><tr><th>N\u00e9cessaire<\/th><\/tr><tr><td>politique_cookie_visible<\/td><td>Ce cookie est d\u00e9fini par le plugin GDPR Cookie Consent et est utilis\u00e9 pour stocker si l'utilisateur a consenti ou non \u00e0 l'utilisation de cookies. Il ne stocke pas de donn\u00e9es personnelles.<\/td><\/tr><tr><td>PHPSESSID<\/td><td>Ce cookie est natif des applications PHP. Le cookie est utilis\u00e9 pour stocker et identifier l'ID de session unique d'un utilisateur dans le but de g\u00e9rer la session de l'utilisateur sur le site Web. Le cookie est un cookie de session et est supprim\u00e9 lorsque toutes les fen\u00eatres du navigateur sont ferm\u00e9es.<\/td><\/tr><tr><td>__cfduid<\/td><td>Ce cookie est plac\u00e9 par CloudFare. Le cookie est utilis\u00e9 pour identifier les clients individuels derri\u00e8re une adresse IP partag\u00e9e et appliquer les param\u00e8tres de s\u00e9curit\u00e9 sur une base individuelle. Il ne correspond \u00e0 aucun identifiant d'utilisateur dans l'application Web et ne stocke aucune information personnellement identifiable.<\/td><\/tr><tr><th>Publicit\u00e9<\/th><\/tr><tr><td>loc<\/td><td>Ce cookie est d\u00e9fini par Addthis. Il s'agit d'un cookie de g\u00e9olocalisation permettant de comprendre o\u00f9 se trouvent les utilisateurs qui partagent les informations.<\/td><\/tr><tr><td>di2<\/td><td>Ce cookie est plac\u00e9 par addthis.com sur les sites qui permettent le partage sur les m\u00e9dias sociaux. Le cookie est utilis\u00e9 pour suivre le comportement de l'utilisateur de mani\u00e8re anonyme afin de g\u00e9n\u00e9rer des tendances d'utilisation pour am\u00e9liorer la pertinence de leurs services et de leur publicit\u00e9.<\/td><\/tr><tr><td>uid<\/td><td>Ce cookie est utilis\u00e9 pour mesurer le nombre et le comportement des visiteurs du site web de mani\u00e8re anonyme. Les donn\u00e9es comprennent le nombre de visites, la dur\u00e9e moyenne de la visite sur le site web, les pages visit\u00e9es, etc. dans le but de mieux comprendre les pr\u00e9f\u00e9rences des utilisateurs pour des publicit\u00e9s cibl\u00e9es.<\/td><\/tr><tr><td>fr<\/td><td>Ce cookie est plac\u00e9 par Facebook pour montrer des publicit\u00e9s pertinentes aux utilisateurs et pour mesurer et am\u00e9liorer les publicit\u00e9s. Le cookie suit \u00e9galement le comportement de l'utilisateur sur le web sur les sites qui ont un pixel Facebook ou un plugin social Facebook.<\/td><\/tr><tr><td>_fbp<\/td><td>Ce cookie est d\u00e9fini par Facebook pour diffuser de la publicit\u00e9 lorsqu'ils se trouvent sur Facebook ou sur une plateforme num\u00e9rique aliment\u00e9e par la publicit\u00e9 Facebook apr\u00e8s avoir visit\u00e9 ce site web.<\/td><\/tr><tr><td>IDE<\/td><td>Utilis\u00e9 par Google DoubleClick et stocke des informations sur la fa\u00e7on dont l'utilisateur utilise le site web et toute autre publicit\u00e9 avant de visiter le site web. Ces informations sont utilis\u00e9es pour pr\u00e9senter aux utilisateurs des annonces qui leur sont pertinentes en fonction du profil de l'utilisateur.<\/td><\/tr><tr><td>VISITEUR_INFO1_LIVE<\/td><td>Ce cookie est plac\u00e9 par Youtube. Il est utilis\u00e9 pour suivre les informations des vid\u00e9os YouTube int\u00e9gr\u00e9es sur un site web.<\/td><\/tr><tr><td>NID<\/td><td>Ce cookie est utilis\u00e9 pour \u00e9tablir un profil bas\u00e9 sur les int\u00e9r\u00eats de l'utilisateur et afficher des publicit\u00e9s personnalis\u00e9es pour les utilisateurs.<\/td><\/tr><tr><th>Analytique<\/th><\/tr><tr><td>uvc<\/td><td>Ce cookie est plac\u00e9 par addthis.com pour d\u00e9terminer l'utilisation du service Addthis.com.<\/td><\/tr><tr><td>GPS<\/td><td>Ce cookie est plac\u00e9 par Youtube et enregistre un ID unique pour le suivi des utilisateurs en fonction de leur emplacement g\u00e9ographique.<\/td><\/tr><tr><td>_gid<\/td><td>Ce cookie est install\u00e9 par Google Analytics. Ce cookie est utilis\u00e9 pour stocker des informations sur la fa\u00e7on dont les visiteurs utilisent un site Web et permet de cr\u00e9er un rapport d'analyse sur les performances du site Web. Les donn\u00e9es recueillies comprennent le nombre de visiteurs, la source d'o\u00f9 ils viennent et les pages visit\u00e9es sous une forme anonyme.<\/td><\/tr><tr><td>_ga<\/td><td>Ce cookie est install\u00e9 par Google Analytics. Ce cookie est utilis\u00e9 pour calculer les donn\u00e9es relatives aux visiteurs, aux sessions et aux camapagnes et pour suivre l'utilisation du site pour le rapport d'analyse du site. Les cookies stockent les informations de mani\u00e8re anonyme et attribuent un num\u00e9ro g\u00e9n\u00e9r\u00e9 al\u00e9atoirement pour identifier les visiteurs uniques.<\/td><\/tr><tr><th>Performance<\/th><\/tr><tr><td>YSC<\/td><td>Ce cookie est plac\u00e9 par Youtube et est utilis\u00e9 pour suivre les vues des vid\u00e9os int\u00e9gr\u00e9es.<\/td><\/tr><tr><th>Non class\u00e9<\/th><\/tr><tr><td>vc<\/td><td>Test<\/td><\/tr><tr><td>um<\/td><td>D\u00e9fini par addthis.com.(But non connu)<\/td><\/tr><tr><th>Fonctionnel<\/th><\/tr><tr><td>__atuvs<\/td><td>Ce cookie est d\u00e9fini par Addthis pour s'assurer que vous voyez le compte mis \u00e0 jour si vous partagez une page et y revenez avant que notre cache de compte de partage ne soit mis \u00e0 jour.<\/td><\/tr><tr><td>__atuvc<\/td><td>Ce cookie est d\u00e9fini par Addthis pour s'assurer que vous voyez le compte mis \u00e0 jour si vous partagez une page et y revenez avant que notre cache de compte de partage ne soit mis \u00e0 jour.<\/td><\/tr><tr><td>ouid<\/td><td>Le cookie est d\u00e9fini par Addthis qui permet au contenu du site web d'\u00eatre partag\u00e9 sur diff\u00e9rents sites de mise en r\u00e9seau et de partage social.<\/td><\/tr><tr><td>na_id<\/td><td>Ce cookie est d\u00e9fini par Addthis.com pour permettre le partage de liens sur des plateformes de m\u00e9dias sociaux comme Facebook et Twitter.<\/td><\/tr><\/tbody><\/table><\/figure>\n\n\n\n<h3 class=\"wp-block-heading\">COMMENT PUIS-JE CONTR\u00d4LER LES PR\u00c9F\u00c9RENCES EN MATI\u00c8RE DE COOKIES ?<\/h3>\n\n\n\n<p>Vous pouvez g\u00e9rer vos pr\u00e9f\u00e9rences en mati\u00e8re de cookies en cliquant sur le bouton \"Param\u00e8tres\" et en activant ou d\u00e9sactivant les cat\u00e9gories de cookies sur la fen\u00eatre contextuelle en fonction de vos pr\u00e9f\u00e9rences.<\/p>\n\n\n\n<p>Si vous d\u00e9cidez de modifier vos pr\u00e9f\u00e9rences au cours de votre session de navigation, vous pouvez cliquer sur l'onglet \"Politique en mati\u00e8re de confidentialit\u00e9 et de cookies\" sur votre \u00e9cran. L'avis de consentement s'affichera \u00e0 nouveau, ce qui vous permettra de modifier vos pr\u00e9f\u00e9rences ou de retirer enti\u00e8rement votre consentement.<\/p>\n\n\n\n<p>En outre, les diff\u00e9rents navigateurs offrent diff\u00e9rentes m\u00e9thodes pour bloquer et supprimer les cookies utilis\u00e9s par les sites web. Vous pouvez modifier les param\u00e8tres de votre navigateur pour bloquer\/supprimer les cookies.<\/p>","protected":false},"excerpt":{"rendered":"<p>\u00c0 PROPOS DE CETTE POLITIQUE EN MATI\u00c8RE DE COOKIES. La pr\u00e9sente politique en mati\u00e8re de cookies explique ce que sont les cookies et comment nous les utilisons. Vous devez lire cette politique pour comprendre ce que sont les cookies, comment nous les utilisons, les types de cookies que nous utilisons, c'est-\u00e0-dire les informations que nous collectons \u00e0 l'aide des cookies et comment ces informations sont utilis\u00e9es, et comment contr\u00f4ler les cookies ... <a href=\"https:\/\/winetastingbled.com\/fr\/politique-en-matiere-de-cookies\/\">Suite<\/a><\/p>","protected":false},"author":46,"featured_media":0,"parent":0,"menu_order":0,"comment_status":"closed","ping_status":"closed","template":"","meta":{"_acf_changed":false,"footnotes":""},"class_list":["post-228","page","type-page","status-publish","hentry"],"acf":{"page_subheading":"Understand what cookies are and how do we use them to make your experience on this website more pleasant."},"_links":{"self":[{"href":"https:\/\/winetastingbled.com\/fr\/wp-json\/wp\/v2\/pages\/228","targetHints":{"allow":["GET"]}}],"collection":[{"href":"https:\/\/winetastingbled.com\/fr\/wp-json\/wp\/v2\/pages"}],"about":[{"href":"https:\/\/winetastingbled.com\/fr\/wp-json\/wp\/v2\/types\/page"}],"author":[{"embeddable":true,"href":"https:\/\/winetastingbled.com\/fr\/wp-json\/wp\/v2\/users\/46"}],"replies":[{"embeddable":true,"href":"https:\/\/winetastingbled.com\/fr\/wp-json\/wp\/v2\/comments?post=228"}],"version-history":[{"count":2,"href":"https:\/\/winetastingbled.com\/fr\/wp-json\/wp\/v2\/pages\/228\/revisions"}],"predecessor-version":[{"id":293,"href":"https:\/\/winetastingbled.com\/fr\/wp-json\/wp\/v2\/pages\/228\/revisions\/293"}],"wp:attachment":[{"href":"https:\/\/winetastingbled.com\/fr\/wp-json\/wp\/v2\/media?parent=228"}],"curies":[{"name":"wp","href":"https:\/\/api.w.org\/{rel}","templated":true}]}}