{"id":52,"date":"2022-07-25T13:39:47","date_gmt":"2022-07-25T13:39:47","guid":{"rendered":"http:\/\/winetastingbled.com\/?page_id=52"},"modified":"2023-03-21T16:52:12","modified_gmt":"2023-03-21T16:52:12","slug":"a-propos-de-nous","status":"publish","type":"page","link":"https:\/\/winetastingbled.com\/fr\/a-propos-de-nous\/","title":{"rendered":"A propos de nous"},"content":{"rendered":"<h2 class=\"wp-block-heading\">Rencontrer l'\u00e9quipe<\/h2>\n\n\n\n<p>L'\u00e9quipe qui se cache derri\u00e8re les d\u00e9gustations et les aventures vinicoles ! Nous sommes tous li\u00e9s par notre amour du vin et faisons toujours de notre mieux pour vous offrir le meilleur de notre petit monde viticole slov\u00e8ne - bien que petit par la taille, vous en go\u00fbterez la grandeur dans chaque verre de vin ! \ud83e\udd29<\/p>","protected":false},"excerpt":{"rendered":"<p>Rencontrez l'\u00e9quipe L'\u00e9quipe qui se cache derri\u00e8re les d\u00e9gustations de vin et les aventures vinicoles ! Nous sommes tous li\u00e9s par notre amour du vin et nous faisons toujours de notre mieux pour vous offrir le meilleur de notre petit monde viticole slov\u00e8ne - bien que petit par la taille, vous en go\u00fbterez la grandeur dans chaque verre de ... <a href=\"https:\/\/winetastingbled.com\/fr\/a-propos-de-nous\/\">Suite<\/a><\/p>","protected":false},"author":46,"featured_media":160,"parent":0,"menu_order":0,"comment_status":"closed","ping_status":"closed","template":"","meta":{"_acf_changed":false,"footnotes":""},"class_list":["post-52","page","type-page","status-publish","has-post-thumbnail","hentry"],"acf":{"page_subheading":"Get to know the team behind Wine Tasting Bled and meet the people who are making your wine experience in the alpine pearl of Slovenia unforgettable."},"_links":{"self":[{"href":"https:\/\/winetastingbled.com\/fr\/wp-json\/wp\/v2\/pages\/52","targetHints":{"allow":["GET"]}}],"collection":[{"href":"https:\/\/winetastingbled.com\/fr\/wp-json\/wp\/v2\/pages"}],"about":[{"href":"https:\/\/winetastingbled.com\/fr\/wp-json\/wp\/v2\/types\/page"}],"author":[{"embeddable":true,"href":"https:\/\/winetastingbled.com\/fr\/wp-json\/wp\/v2\/users\/46"}],"replies":[{"embeddable":true,"href":"https:\/\/winetastingbled.com\/fr\/wp-json\/wp\/v2\/comments?post=52"}],"version-history":[{"count":33,"href":"https:\/\/winetastingbled.com\/fr\/wp-json\/wp\/v2\/pages\/52\/revisions"}],"predecessor-version":[{"id":597,"href":"https:\/\/winetastingbled.com\/fr\/wp-json\/wp\/v2\/pages\/52\/revisions\/597"}],"wp:featuredmedia":[{"embeddable":true,"href":"https:\/\/winetastingbled.com\/fr\/wp-json\/wp\/v2\/media\/160"}],"wp:attachment":[{"href":"https:\/\/winetastingbled.com\/fr\/wp-json\/wp\/v2\/media?parent=52"}],"curies":[{"name":"wp","href":"https:\/\/api.w.org\/{rel}","templated":true}]}}