{"id":63,"date":"2022-07-25T13:45:51","date_gmt":"2022-07-25T13:45:51","guid":{"rendered":"http:\/\/winetastingbled.com\/?page_id=63"},"modified":"2024-01-10T14:26:34","modified_gmt":"2024-01-10T14:26:34","slug":"cheque-cadeau","status":"publish","type":"page","link":"https:\/\/winetastingbled.com\/fr\/cheque-cadeau\/","title":{"rendered":"Ch\u00e8que-cadeau"},"content":{"rendered":"<p>Surprenez une personne qui aime le vin en lui offrant le cadeau d'une d\u00e9gustation de vin.<\/p>\n\n\n\n<p>Le bon est valable 6 mois et le b\u00e9n\u00e9ficiaire peut d\u00e9cider de l'utiliser \u00e0 n'importe quelle date disponible.<\/p>\n\n\n\n<p><strong>Prix : 55\u20ac \/ PERSONNE*<\/strong><\/p>\n\n\n\n<p><strong>Remplissez le formulaire ou appelez-nous au 00 386 41 90 50 70. Vous pouvez recevoir votre bon d'achat imm\u00e9diatement apr\u00e8s votre achat.<\/strong><\/p>\n\n\n\n<p>Nous vous enverrons un bon d'achat par e-mail pour que vous puissiez l'imprimer vous-m\u00eame ou le retirer personnellement dans nos bureaux du centre-ville de Ljubljana.<\/p>","protected":false},"excerpt":{"rendered":"<p>Surprenez un amateur de vin en lui offrant l'exp\u00e9rience de notre d\u00e9gustation de vin Bled. Le bon est valable 6 mois et le b\u00e9n\u00e9ficiaire peut d\u00e9cider de l'utiliser \u00e0 n'importe quelle date disponible. Prix : 55\u20ac \/ PERSONNE* Remplissez le formulaire ou appelez-nous au 00 386 41 90 50 70. Vous pouvez recevoir votre bon ... <a href=\"https:\/\/winetastingbled.com\/fr\/cheque-cadeau\/\">Suite<\/a><\/p>","protected":false},"author":46,"featured_media":0,"parent":0,"menu_order":0,"comment_status":"closed","ping_status":"closed","template":"","meta":{"_acf_changed":false,"footnotes":""},"class_list":["post-63","page","type-page","status-publish","hentry"],"acf":{"page_subheading":"A perfect gift for all the wine lovers you know \u2014 This wine tasting experience in Bled will remain one of their most special memories."},"_links":{"self":[{"href":"https:\/\/winetastingbled.com\/fr\/wp-json\/wp\/v2\/pages\/63","targetHints":{"allow":["GET"]}}],"collection":[{"href":"https:\/\/winetastingbled.com\/fr\/wp-json\/wp\/v2\/pages"}],"about":[{"href":"https:\/\/winetastingbled.com\/fr\/wp-json\/wp\/v2\/types\/page"}],"author":[{"embeddable":true,"href":"https:\/\/winetastingbled.com\/fr\/wp-json\/wp\/v2\/users\/46"}],"replies":[{"embeddable":true,"href":"https:\/\/winetastingbled.com\/fr\/wp-json\/wp\/v2\/comments?post=63"}],"version-history":[{"count":17,"href":"https:\/\/winetastingbled.com\/fr\/wp-json\/wp\/v2\/pages\/63\/revisions"}],"predecessor-version":[{"id":718,"href":"https:\/\/winetastingbled.com\/fr\/wp-json\/wp\/v2\/pages\/63\/revisions\/718"}],"wp:attachment":[{"href":"https:\/\/winetastingbled.com\/fr\/wp-json\/wp\/v2\/media?parent=63"}],"curies":[{"name":"wp","href":"https:\/\/api.w.org\/{rel}","templated":true}]}}